{"id":2787,"date":"2020-10-01T13:01:02","date_gmt":"2021-07-05T10:55:52","guid":{"rendered":"https:\/\/merident.fi\/?post_type=product&#038;p=2787"},"modified":"2021-11-19T18:24:32","modified_gmt":"2021-11-19T16:24:32","slug":"optergo-titan-b4-bage","status":"publish","type":"product","link":"https:\/\/merident.fi\/sv\/produkt\/optergo-titan-b4-bage\/","title":{"rendered":"Optergo Titan B4 b\u00e5ge"},"content":{"rendered":"","protected":false},"excerpt":{"rendered":"<p>Den l\u00e4tta men robusta Titan B4 -b\u00e5gen \u00e4r en utm\u00e4rkt grund f\u00f6r alla Optergo\u00ae optikl\u00f6sningar. B\u00e5gen \u00e4r kompatibel med alla receptlinser och kan utrustas med alla Optergo\u00ae luppkikare. Dess tilltalande och snygga design g\u00f6r Titan B4 till det mest popul\u00e4ra valet f\u00f6r tandl\u00e4kare i Norden.<\/p>\n<ul>\n<li>L\u00e4ttviktsram i titan med Ion-Plating ytbehandling<\/li>\n<li>10 olika f\u00e4rgkombinationer<\/li>\n<li>Tre storlekar<\/li>\n<li>Tre justerbara n\u00e4skuddsalternativ<\/li>\n<li>Justerbara skalmtoppar i icke-allergiframkallande silikon<\/li>\n<li>Kompatibel med alla Optergo\u00ae f\u00e4sten och tillbeh\u00f6r<\/li>\n<\/ul>\n","protected":false},"featured_media":1466,"template":"","meta":{"_acf_changed":false},"product_brand":[],"product_cat":[156],"product_tag":[],"class_list":{"0":"post-2787","1":"product","2":"type-product","3":"status-publish","4":"has-post-thumbnail","6":"product_cat-bagar","8":"first","9":"instock","10":"taxable","11":"shipping-taxable","12":"product-type-simple"},"acf":[],"yoast_head":"<!-- This site is optimized with the Yoast SEO plugin v27.2 - https:\/\/yoast.com\/product\/yoast-seo-wordpress\/ -->\n<title>Titanb\u00e5ge f\u00f6r luppar och prismaglas\u00f6gon - Merident<\/title>\n<meta name=\"description\" content=\"Optergo Titan B4 \u00e4r den mest popul\u00e4ra glas\u00f6gonb\u00e5gen hos tandl\u00e4kare i Norden. V\u00e4lj r\u00e4tt storlek och snygg f\u00e4rg samt de tillbeh\u00f6r du beh\u00f6ver.\" \/>\n<meta name=\"robots\" content=\"index, follow, max-snippet:-1, max-image-preview:large, max-video-preview:-1\" \/>\n<link rel=\"canonical\" href=\"https:\/\/merident.fi\/sv\/produkt\/optergo-titan-b4-bage\/\" \/>\n<meta property=\"og:locale\" content=\"sv_SE\" \/>\n<meta property=\"og:type\" content=\"article\" \/>\n<meta property=\"og:title\" content=\"Titanb\u00e5ge f\u00f6r luppar och prismaglas\u00f6gon - Merident\" \/>\n<meta property=\"og:description\" content=\"Optergo Titan B4 \u00e4r den mest popul\u00e4ra glas\u00f6gonb\u00e5gen hos tandl\u00e4kare i Norden. V\u00e4lj r\u00e4tt storlek och snygg f\u00e4rg samt de tillbeh\u00f6r du beh\u00f6ver.\" \/>\n<meta property=\"og:url\" content=\"https:\/\/merident.fi\/sv\/produkt\/optergo-titan-b4-bage\/\" \/>\n<meta property=\"og:site_name\" content=\"Merident\" \/>\n<meta property=\"article:modified_time\" content=\"2021-11-19T16:24:32+00:00\" \/>\n<meta property=\"og:image\" content=\"https:\/\/mlavatqvr5rz.i.optimole.com\/cb:uXtb~58093\/w:auto\/h:auto\/q:mauto\/g:sm\/f:best\/ig:avif\/https:\/\/merident.fi\/wp-content\/uploads\/eyeglasses_prospec_optergo_B4_titan_front.jpg\" \/>\n\t<meta property=\"og:image:width\" content=\"1920\" \/>\n\t<meta property=\"og:image:height\" content=\"1920\" \/>\n\t<meta property=\"og:image:type\" content=\"image\/jpeg\" \/>\n<meta name=\"twitter:card\" content=\"summary_large_image\" \/>\n<script type=\"application\/ld+json\" class=\"yoast-schema-graph\">{\"@context\":\"https:\/\/schema.org\",\"@graph\":[{\"@type\":\"WebPage\",\"@id\":\"https:\/\/merident.fi\/sv\/produkt\/optergo-titan-b4-bage\/\",\"url\":\"https:\/\/merident.fi\/sv\/produkt\/optergo-titan-b4-bage\/\",\"name\":\"Titanb\u00e5ge f\u00f6r luppar och prismaglas\u00f6gon - Merident\",\"isPartOf\":{\"@id\":\"https:\/\/merident.fi\/sv\/#website\"},\"primaryImageOfPage\":{\"@id\":\"https:\/\/merident.fi\/sv\/produkt\/optergo-titan-b4-bage\/#primaryimage\"},\"image\":{\"@id\":\"https:\/\/merident.fi\/sv\/produkt\/optergo-titan-b4-bage\/#primaryimage\"},\"thumbnailUrl\":\"https:\/\/mlavatqvr5rz.i.optimole.com\/cb:uXtb~58093\/w:auto\/h:auto\/q:mauto\/g:sm\/f:best\/ig:avif\/https:\/\/merident.fi\/wp-content\/uploads\/eyeglasses_prospec_optergo_B4_titan_front.jpg\",\"datePublished\":\"2021-07-05T10:55:52+00:00\",\"dateModified\":\"2021-11-19T16:24:32+00:00\",\"description\":\"Optergo Titan B4 \u00e4r den mest popul\u00e4ra glas\u00f6gonb\u00e5gen hos tandl\u00e4kare i Norden. V\u00e4lj r\u00e4tt storlek och snygg f\u00e4rg samt de tillbeh\u00f6r du beh\u00f6ver.\",\"breadcrumb\":{\"@id\":\"https:\/\/merident.fi\/sv\/produkt\/optergo-titan-b4-bage\/#breadcrumb\"},\"inLanguage\":\"sv-SE\",\"potentialAction\":[{\"@type\":\"ReadAction\",\"target\":[\"https:\/\/merident.fi\/sv\/produkt\/optergo-titan-b4-bage\/\"]}]},{\"@type\":\"ImageObject\",\"inLanguage\":\"sv-SE\",\"@id\":\"https:\/\/merident.fi\/sv\/produkt\/optergo-titan-b4-bage\/#primaryimage\",\"url\":\"https:\/\/mlavatqvr5rz.i.optimole.com\/cb:uXtb~58093\/w:auto\/h:auto\/q:mauto\/g:sm\/f:best\/ig:avif\/https:\/\/merident.fi\/wp-content\/uploads\/eyeglasses_prospec_optergo_B4_titan_front.jpg\",\"contentUrl\":\"https:\/\/mlavatqvr5rz.i.optimole.com\/cb:uXtb~58093\/w:auto\/h:auto\/q:mauto\/g:sm\/f:best\/ig:avif\/https:\/\/merident.fi\/wp-content\/uploads\/eyeglasses_prospec_optergo_B4_titan_front.jpg\",\"width\":1920,\"height\":1920},{\"@type\":\"BreadcrumbList\",\"@id\":\"https:\/\/merident.fi\/sv\/produkt\/optergo-titan-b4-bage\/#breadcrumb\",\"itemListElement\":[{\"@type\":\"ListItem\",\"position\":1,\"name\":\"Home\",\"item\":\"https:\/\/merident.fi\/sv\/\"},{\"@type\":\"ListItem\",\"position\":2,\"name\":\"Produkter och l\u00f6sningar\",\"item\":\"https:\/\/merident.fi\/sv\/produkter-och-losningar\/\"},{\"@type\":\"ListItem\",\"position\":3,\"name\":\"Optergo Titan B4 b\u00e5ge\"}]},{\"@type\":\"WebSite\",\"@id\":\"https:\/\/merident.fi\/sv\/#website\",\"url\":\"https:\/\/merident.fi\/sv\/\",\"name\":\"Merident\",\"description\":\"\",\"publisher\":{\"@id\":\"https:\/\/merident.fi\/sv\/#organization\"},\"potentialAction\":[{\"@type\":\"SearchAction\",\"target\":{\"@type\":\"EntryPoint\",\"urlTemplate\":\"https:\/\/merident.fi\/sv\/?s={search_term_string}\"},\"query-input\":{\"@type\":\"PropertyValueSpecification\",\"valueRequired\":true,\"valueName\":\"search_term_string\"}}],\"inLanguage\":\"sv-SE\"},{\"@type\":\"Organization\",\"@id\":\"https:\/\/merident.fi\/sv\/#organization\",\"name\":\"Merident\",\"url\":\"https:\/\/merident.fi\/sv\/\",\"logo\":{\"@type\":\"ImageObject\",\"inLanguage\":\"sv-SE\",\"@id\":\"https:\/\/merident.fi\/sv\/#\/schema\/logo\/image\/\",\"url\":\"https:\/\/mlavatqvr5rz.i.optimole.com\/cb:uXtb~58093\/w:auto\/h:auto\/q:mauto\/g:sm\/f:best\/ig:avif\/https:\/\/merident.fi\/wp-content\/uploads\/merident-logo-1.png\",\"contentUrl\":\"https:\/\/mlavatqvr5rz.i.optimole.com\/cb:uXtb~58093\/w:auto\/h:auto\/q:mauto\/g:sm\/f:best\/ig:avif\/https:\/\/merident.fi\/wp-content\/uploads\/merident-logo-1.png\",\"width\":413,\"height\":86,\"caption\":\"Merident\"},\"image\":{\"@id\":\"https:\/\/merident.fi\/sv\/#\/schema\/logo\/image\/\"}}]}<\/script>\n<!-- \/ Yoast SEO plugin. -->","yoast_head_json":{"title":"Titanb\u00e5ge f\u00f6r luppar och prismaglas\u00f6gon - Merident","description":"Optergo Titan B4 \u00e4r den mest popul\u00e4ra glas\u00f6gonb\u00e5gen hos tandl\u00e4kare i Norden. V\u00e4lj r\u00e4tt storlek och snygg f\u00e4rg samt de tillbeh\u00f6r du beh\u00f6ver.","robots":{"index":"index","follow":"follow","max-snippet":"max-snippet:-1","max-image-preview":"max-image-preview:large","max-video-preview":"max-video-preview:-1"},"canonical":"https:\/\/merident.fi\/sv\/produkt\/optergo-titan-b4-bage\/","og_locale":"sv_SE","og_type":"article","og_title":"Titanb\u00e5ge f\u00f6r luppar och prismaglas\u00f6gon - Merident","og_description":"Optergo Titan B4 \u00e4r den mest popul\u00e4ra glas\u00f6gonb\u00e5gen hos tandl\u00e4kare i Norden. V\u00e4lj r\u00e4tt storlek och snygg f\u00e4rg samt de tillbeh\u00f6r du beh\u00f6ver.","og_url":"https:\/\/merident.fi\/sv\/produkt\/optergo-titan-b4-bage\/","og_site_name":"Merident","article_modified_time":"2021-11-19T16:24:32+00:00","og_image":[{"width":1920,"height":1920,"url":"https:\/\/mlavatqvr5rz.i.optimole.com\/cb:uXtb~58093\/w:auto\/h:auto\/q:mauto\/g:sm\/f:best\/ig:avif\/https:\/\/merident.fi\/wp-content\/uploads\/eyeglasses_prospec_optergo_B4_titan_front.jpg","type":"image\/jpeg"}],"twitter_card":"summary_large_image","schema":{"@context":"https:\/\/schema.org","@graph":[{"@type":"WebPage","@id":"https:\/\/merident.fi\/sv\/produkt\/optergo-titan-b4-bage\/","url":"https:\/\/merident.fi\/sv\/produkt\/optergo-titan-b4-bage\/","name":"Titanb\u00e5ge f\u00f6r luppar och prismaglas\u00f6gon - Merident","isPartOf":{"@id":"https:\/\/merident.fi\/sv\/#website"},"primaryImageOfPage":{"@id":"https:\/\/merident.fi\/sv\/produkt\/optergo-titan-b4-bage\/#primaryimage"},"image":{"@id":"https:\/\/merident.fi\/sv\/produkt\/optergo-titan-b4-bage\/#primaryimage"},"thumbnailUrl":"https:\/\/mlavatqvr5rz.i.optimole.com\/cb:uXtb~58093\/w:auto\/h:auto\/q:mauto\/g:sm\/f:best\/ig:avif\/https:\/\/merident.fi\/wp-content\/uploads\/eyeglasses_prospec_optergo_B4_titan_front.jpg","datePublished":"2021-07-05T10:55:52+00:00","dateModified":"2021-11-19T16:24:32+00:00","description":"Optergo Titan B4 \u00e4r den mest popul\u00e4ra glas\u00f6gonb\u00e5gen hos tandl\u00e4kare i Norden. V\u00e4lj r\u00e4tt storlek och snygg f\u00e4rg samt de tillbeh\u00f6r du beh\u00f6ver.","breadcrumb":{"@id":"https:\/\/merident.fi\/sv\/produkt\/optergo-titan-b4-bage\/#breadcrumb"},"inLanguage":"sv-SE","potentialAction":[{"@type":"ReadAction","target":["https:\/\/merident.fi\/sv\/produkt\/optergo-titan-b4-bage\/"]}]},{"@type":"ImageObject","inLanguage":"sv-SE","@id":"https:\/\/merident.fi\/sv\/produkt\/optergo-titan-b4-bage\/#primaryimage","url":"https:\/\/mlavatqvr5rz.i.optimole.com\/cb:uXtb~58093\/w:auto\/h:auto\/q:mauto\/g:sm\/f:best\/ig:avif\/https:\/\/merident.fi\/wp-content\/uploads\/eyeglasses_prospec_optergo_B4_titan_front.jpg","contentUrl":"https:\/\/mlavatqvr5rz.i.optimole.com\/cb:uXtb~58093\/w:auto\/h:auto\/q:mauto\/g:sm\/f:best\/ig:avif\/https:\/\/merident.fi\/wp-content\/uploads\/eyeglasses_prospec_optergo_B4_titan_front.jpg","width":1920,"height":1920},{"@type":"BreadcrumbList","@id":"https:\/\/merident.fi\/sv\/produkt\/optergo-titan-b4-bage\/#breadcrumb","itemListElement":[{"@type":"ListItem","position":1,"name":"Home","item":"https:\/\/merident.fi\/sv\/"},{"@type":"ListItem","position":2,"name":"Produkter och l\u00f6sningar","item":"https:\/\/merident.fi\/sv\/produkter-och-losningar\/"},{"@type":"ListItem","position":3,"name":"Optergo Titan B4 b\u00e5ge"}]},{"@type":"WebSite","@id":"https:\/\/merident.fi\/sv\/#website","url":"https:\/\/merident.fi\/sv\/","name":"Merident","description":"","publisher":{"@id":"https:\/\/merident.fi\/sv\/#organization"},"potentialAction":[{"@type":"SearchAction","target":{"@type":"EntryPoint","urlTemplate":"https:\/\/merident.fi\/sv\/?s={search_term_string}"},"query-input":{"@type":"PropertyValueSpecification","valueRequired":true,"valueName":"search_term_string"}}],"inLanguage":"sv-SE"},{"@type":"Organization","@id":"https:\/\/merident.fi\/sv\/#organization","name":"Merident","url":"https:\/\/merident.fi\/sv\/","logo":{"@type":"ImageObject","inLanguage":"sv-SE","@id":"https:\/\/merident.fi\/sv\/#\/schema\/logo\/image\/","url":"https:\/\/mlavatqvr5rz.i.optimole.com\/cb:uXtb~58093\/w:auto\/h:auto\/q:mauto\/g:sm\/f:best\/ig:avif\/https:\/\/merident.fi\/wp-content\/uploads\/merident-logo-1.png","contentUrl":"https:\/\/mlavatqvr5rz.i.optimole.com\/cb:uXtb~58093\/w:auto\/h:auto\/q:mauto\/g:sm\/f:best\/ig:avif\/https:\/\/merident.fi\/wp-content\/uploads\/merident-logo-1.png","width":413,"height":86,"caption":"Merident"},"image":{"@id":"https:\/\/merident.fi\/sv\/#\/schema\/logo\/image\/"}}]}},"_links":{"self":[{"href":"https:\/\/merident.fi\/sv\/wp-json\/wp\/v2\/product\/2787","targetHints":{"allow":["GET"]}}],"collection":[{"href":"https:\/\/merident.fi\/sv\/wp-json\/wp\/v2\/product"}],"about":[{"href":"https:\/\/merident.fi\/sv\/wp-json\/wp\/v2\/types\/product"}],"wp:featuredmedia":[{"embeddable":true,"href":"https:\/\/merident.fi\/sv\/wp-json\/wp\/v2\/media\/1466"}],"wp:attachment":[{"href":"https:\/\/merident.fi\/sv\/wp-json\/wp\/v2\/media?parent=2787"}],"wp:term":[{"taxonomy":"product_brand","embeddable":true,"href":"https:\/\/merident.fi\/sv\/wp-json\/wp\/v2\/product_brand?post=2787"},{"taxonomy":"product_cat","embeddable":true,"href":"https:\/\/merident.fi\/sv\/wp-json\/wp\/v2\/product_cat?post=2787"},{"taxonomy":"product_tag","embeddable":true,"href":"https:\/\/merident.fi\/sv\/wp-json\/wp\/v2\/product_tag?post=2787"}],"curies":[{"name":"wp","href":"https:\/\/api.w.org\/{rel}","templated":true}]}}