{"id":2792,"date":"2020-10-08T16:42:28","date_gmt":"2021-07-05T10:55:51","guid":{"rendered":"https:\/\/merident.fi\/?post_type=product&#038;p=2792"},"modified":"2021-11-19T18:41:00","modified_gmt":"2021-11-19T16:41:00","slug":"optergo-vishield-skyddsvisir-kit-l","status":"publish","type":"product","link":"https:\/\/merident.fi\/sv\/produkt\/optergo-vishield-skyddsvisir-kit-l\/","title":{"rendered":"Optergo ViShield\u2122 skyddsvisir kit L"},"content":{"rendered":"","protected":false},"excerpt":{"rendered":"<ul>\n<li>F\u00e4stkl\u00e4mmor f\u00f6r skalmmontering<\/li>\n<li>6 st utbytbara filmer<\/li>\n<li>Luppar fungerar bakom visiret (denna modell ej f\u00f6r anv\u00e4ndning med luppljus)<\/li>\n<li>Utbytesfilmer finns tillg\u00e4ngliga separat: <a href=\"https:\/\/merident.fi\/sv\/produkt\/optergo-vishield-skyddsfilm-l-6-pack\/\">Optergo ViShield\u2122 skyddsfilm L (6-pack) <\/a><\/li>\n<\/ul>\n","protected":false},"featured_media":1223,"template":"","meta":{"_acf_changed":false},"product_brand":[],"product_cat":[158],"product_tag":[],"class_list":{"0":"post-2792","1":"product","2":"type-product","3":"status-publish","4":"has-post-thumbnail","6":"product_cat-skyddande-visir","8":"first","9":"instock","10":"taxable","11":"shipping-taxable","12":"purchasable","13":"product-type-simple"},"acf":[],"yoast_head":"<!-- This site is optimized with the Yoast SEO plugin v27.2 - https:\/\/yoast.com\/product\/yoast-seo-wordpress\/ -->\n<title>Optergo ViShield\u2122 skyddsvisir kit L - Merident<\/title>\n<meta name=\"description\" content=\"Skydda dig fr\u00e5n st\u00e4nk och aerosoler med ett visir som f\u00e4stes vid glas\u00f6gonen och kan anv\u00e4ndas \u00e4ven med luppar.\" \/>\n<meta name=\"robots\" content=\"index, follow, max-snippet:-1, max-image-preview:large, max-video-preview:-1\" \/>\n<link rel=\"canonical\" href=\"https:\/\/merident.fi\/sv\/produkt\/optergo-vishield-skyddsvisir-kit-l\/\" \/>\n<meta property=\"og:locale\" content=\"sv_SE\" \/>\n<meta property=\"og:type\" content=\"article\" \/>\n<meta property=\"og:title\" content=\"Optergo ViShield\u2122 skyddsvisir kit L - Merident\" \/>\n<meta property=\"og:description\" content=\"Skydda dig fr\u00e5n st\u00e4nk och aerosoler med ett visir som f\u00e4stes vid glas\u00f6gonen och kan anv\u00e4ndas \u00e4ven med luppar.\" \/>\n<meta property=\"og:url\" content=\"https:\/\/merident.fi\/sv\/produkt\/optergo-vishield-skyddsvisir-kit-l\/\" \/>\n<meta property=\"og:site_name\" content=\"Merident\" \/>\n<meta property=\"article:modified_time\" content=\"2021-11-19T16:41:00+00:00\" \/>\n<meta property=\"og:image\" content=\"https:\/\/mlavatqvr5rz.i.optimole.com\/cb:uXtb~58093\/w:auto\/h:auto\/q:mauto\/g:sm\/f:best\/ig:avif\/https:\/\/merident.fi\/wp-content\/uploads\/face_shield_optergo_L_main.jpg\" \/>\n\t<meta property=\"og:image:width\" content=\"900\" \/>\n\t<meta property=\"og:image:height\" content=\"900\" \/>\n\t<meta property=\"og:image:type\" content=\"image\/jpeg\" \/>\n<meta name=\"twitter:card\" content=\"summary_large_image\" \/>\n<script type=\"application\/ld+json\" class=\"yoast-schema-graph\">{\"@context\":\"https:\/\/schema.org\",\"@graph\":[{\"@type\":\"WebPage\",\"@id\":\"https:\/\/merident.fi\/sv\/produkt\/optergo-vishield-skyddsvisir-kit-l\/\",\"url\":\"https:\/\/merident.fi\/sv\/produkt\/optergo-vishield-skyddsvisir-kit-l\/\",\"name\":\"Optergo ViShield\u2122 skyddsvisir kit L - Merident\",\"isPartOf\":{\"@id\":\"https:\/\/merident.fi\/sv\/#website\"},\"primaryImageOfPage\":{\"@id\":\"https:\/\/merident.fi\/sv\/produkt\/optergo-vishield-skyddsvisir-kit-l\/#primaryimage\"},\"image\":{\"@id\":\"https:\/\/merident.fi\/sv\/produkt\/optergo-vishield-skyddsvisir-kit-l\/#primaryimage\"},\"thumbnailUrl\":\"https:\/\/mlavatqvr5rz.i.optimole.com\/cb:uXtb~58093\/w:auto\/h:auto\/q:mauto\/g:sm\/f:best\/ig:avif\/https:\/\/merident.fi\/wp-content\/uploads\/face_shield_optergo_L_main.jpg\",\"datePublished\":\"2021-07-05T10:55:51+00:00\",\"dateModified\":\"2021-11-19T16:41:00+00:00\",\"description\":\"Skydda dig fr\u00e5n st\u00e4nk och aerosoler med ett visir som f\u00e4stes vid glas\u00f6gonen och kan anv\u00e4ndas \u00e4ven med luppar.\",\"breadcrumb\":{\"@id\":\"https:\/\/merident.fi\/sv\/produkt\/optergo-vishield-skyddsvisir-kit-l\/#breadcrumb\"},\"inLanguage\":\"sv-SE\",\"potentialAction\":[{\"@type\":\"ReadAction\",\"target\":[\"https:\/\/merident.fi\/sv\/produkt\/optergo-vishield-skyddsvisir-kit-l\/\"]}]},{\"@type\":\"ImageObject\",\"inLanguage\":\"sv-SE\",\"@id\":\"https:\/\/merident.fi\/sv\/produkt\/optergo-vishield-skyddsvisir-kit-l\/#primaryimage\",\"url\":\"https:\/\/mlavatqvr5rz.i.optimole.com\/cb:uXtb~58093\/w:auto\/h:auto\/q:mauto\/g:sm\/f:best\/ig:avif\/https:\/\/merident.fi\/wp-content\/uploads\/face_shield_optergo_L_main.jpg\",\"contentUrl\":\"https:\/\/mlavatqvr5rz.i.optimole.com\/cb:uXtb~58093\/w:auto\/h:auto\/q:mauto\/g:sm\/f:best\/ig:avif\/https:\/\/merident.fi\/wp-content\/uploads\/face_shield_optergo_L_main.jpg\",\"width\":900,\"height\":900},{\"@type\":\"BreadcrumbList\",\"@id\":\"https:\/\/merident.fi\/sv\/produkt\/optergo-vishield-skyddsvisir-kit-l\/#breadcrumb\",\"itemListElement\":[{\"@type\":\"ListItem\",\"position\":1,\"name\":\"Home\",\"item\":\"https:\/\/merident.fi\/sv\/\"},{\"@type\":\"ListItem\",\"position\":2,\"name\":\"Produkter och l\u00f6sningar\",\"item\":\"https:\/\/merident.fi\/sv\/produkter-och-losningar\/\"},{\"@type\":\"ListItem\",\"position\":3,\"name\":\"Optergo ViShield\u2122 skyddsvisir kit L\"}]},{\"@type\":\"WebSite\",\"@id\":\"https:\/\/merident.fi\/sv\/#website\",\"url\":\"https:\/\/merident.fi\/sv\/\",\"name\":\"Merident\",\"description\":\"\",\"publisher\":{\"@id\":\"https:\/\/merident.fi\/sv\/#organization\"},\"potentialAction\":[{\"@type\":\"SearchAction\",\"target\":{\"@type\":\"EntryPoint\",\"urlTemplate\":\"https:\/\/merident.fi\/sv\/?s={search_term_string}\"},\"query-input\":{\"@type\":\"PropertyValueSpecification\",\"valueRequired\":true,\"valueName\":\"search_term_string\"}}],\"inLanguage\":\"sv-SE\"},{\"@type\":\"Organization\",\"@id\":\"https:\/\/merident.fi\/sv\/#organization\",\"name\":\"Merident\",\"url\":\"https:\/\/merident.fi\/sv\/\",\"logo\":{\"@type\":\"ImageObject\",\"inLanguage\":\"sv-SE\",\"@id\":\"https:\/\/merident.fi\/sv\/#\/schema\/logo\/image\/\",\"url\":\"https:\/\/mlavatqvr5rz.i.optimole.com\/cb:uXtb~58093\/w:auto\/h:auto\/q:mauto\/g:sm\/f:best\/ig:avif\/https:\/\/merident.fi\/wp-content\/uploads\/merident-logo-1.png\",\"contentUrl\":\"https:\/\/mlavatqvr5rz.i.optimole.com\/cb:uXtb~58093\/w:auto\/h:auto\/q:mauto\/g:sm\/f:best\/ig:avif\/https:\/\/merident.fi\/wp-content\/uploads\/merident-logo-1.png\",\"width\":413,\"height\":86,\"caption\":\"Merident\"},\"image\":{\"@id\":\"https:\/\/merident.fi\/sv\/#\/schema\/logo\/image\/\"}}]}<\/script>\n<!-- \/ Yoast SEO plugin. -->","yoast_head_json":{"title":"Optergo ViShield\u2122 skyddsvisir kit L - Merident","description":"Skydda dig fr\u00e5n st\u00e4nk och aerosoler med ett visir som f\u00e4stes vid glas\u00f6gonen och kan anv\u00e4ndas \u00e4ven med luppar.","robots":{"index":"index","follow":"follow","max-snippet":"max-snippet:-1","max-image-preview":"max-image-preview:large","max-video-preview":"max-video-preview:-1"},"canonical":"https:\/\/merident.fi\/sv\/produkt\/optergo-vishield-skyddsvisir-kit-l\/","og_locale":"sv_SE","og_type":"article","og_title":"Optergo ViShield\u2122 skyddsvisir kit L - Merident","og_description":"Skydda dig fr\u00e5n st\u00e4nk och aerosoler med ett visir som f\u00e4stes vid glas\u00f6gonen och kan anv\u00e4ndas \u00e4ven med luppar.","og_url":"https:\/\/merident.fi\/sv\/produkt\/optergo-vishield-skyddsvisir-kit-l\/","og_site_name":"Merident","article_modified_time":"2021-11-19T16:41:00+00:00","og_image":[{"width":900,"height":900,"url":"https:\/\/mlavatqvr5rz.i.optimole.com\/cb:uXtb~58093\/w:auto\/h:auto\/q:mauto\/g:sm\/f:best\/ig:avif\/https:\/\/merident.fi\/wp-content\/uploads\/face_shield_optergo_L_main.jpg","type":"image\/jpeg"}],"twitter_card":"summary_large_image","schema":{"@context":"https:\/\/schema.org","@graph":[{"@type":"WebPage","@id":"https:\/\/merident.fi\/sv\/produkt\/optergo-vishield-skyddsvisir-kit-l\/","url":"https:\/\/merident.fi\/sv\/produkt\/optergo-vishield-skyddsvisir-kit-l\/","name":"Optergo ViShield\u2122 skyddsvisir kit L - Merident","isPartOf":{"@id":"https:\/\/merident.fi\/sv\/#website"},"primaryImageOfPage":{"@id":"https:\/\/merident.fi\/sv\/produkt\/optergo-vishield-skyddsvisir-kit-l\/#primaryimage"},"image":{"@id":"https:\/\/merident.fi\/sv\/produkt\/optergo-vishield-skyddsvisir-kit-l\/#primaryimage"},"thumbnailUrl":"https:\/\/mlavatqvr5rz.i.optimole.com\/cb:uXtb~58093\/w:auto\/h:auto\/q:mauto\/g:sm\/f:best\/ig:avif\/https:\/\/merident.fi\/wp-content\/uploads\/face_shield_optergo_L_main.jpg","datePublished":"2021-07-05T10:55:51+00:00","dateModified":"2021-11-19T16:41:00+00:00","description":"Skydda dig fr\u00e5n st\u00e4nk och aerosoler med ett visir som f\u00e4stes vid glas\u00f6gonen och kan anv\u00e4ndas \u00e4ven med luppar.","breadcrumb":{"@id":"https:\/\/merident.fi\/sv\/produkt\/optergo-vishield-skyddsvisir-kit-l\/#breadcrumb"},"inLanguage":"sv-SE","potentialAction":[{"@type":"ReadAction","target":["https:\/\/merident.fi\/sv\/produkt\/optergo-vishield-skyddsvisir-kit-l\/"]}]},{"@type":"ImageObject","inLanguage":"sv-SE","@id":"https:\/\/merident.fi\/sv\/produkt\/optergo-vishield-skyddsvisir-kit-l\/#primaryimage","url":"https:\/\/mlavatqvr5rz.i.optimole.com\/cb:uXtb~58093\/w:auto\/h:auto\/q:mauto\/g:sm\/f:best\/ig:avif\/https:\/\/merident.fi\/wp-content\/uploads\/face_shield_optergo_L_main.jpg","contentUrl":"https:\/\/mlavatqvr5rz.i.optimole.com\/cb:uXtb~58093\/w:auto\/h:auto\/q:mauto\/g:sm\/f:best\/ig:avif\/https:\/\/merident.fi\/wp-content\/uploads\/face_shield_optergo_L_main.jpg","width":900,"height":900},{"@type":"BreadcrumbList","@id":"https:\/\/merident.fi\/sv\/produkt\/optergo-vishield-skyddsvisir-kit-l\/#breadcrumb","itemListElement":[{"@type":"ListItem","position":1,"name":"Home","item":"https:\/\/merident.fi\/sv\/"},{"@type":"ListItem","position":2,"name":"Produkter och l\u00f6sningar","item":"https:\/\/merident.fi\/sv\/produkter-och-losningar\/"},{"@type":"ListItem","position":3,"name":"Optergo ViShield\u2122 skyddsvisir kit L"}]},{"@type":"WebSite","@id":"https:\/\/merident.fi\/sv\/#website","url":"https:\/\/merident.fi\/sv\/","name":"Merident","description":"","publisher":{"@id":"https:\/\/merident.fi\/sv\/#organization"},"potentialAction":[{"@type":"SearchAction","target":{"@type":"EntryPoint","urlTemplate":"https:\/\/merident.fi\/sv\/?s={search_term_string}"},"query-input":{"@type":"PropertyValueSpecification","valueRequired":true,"valueName":"search_term_string"}}],"inLanguage":"sv-SE"},{"@type":"Organization","@id":"https:\/\/merident.fi\/sv\/#organization","name":"Merident","url":"https:\/\/merident.fi\/sv\/","logo":{"@type":"ImageObject","inLanguage":"sv-SE","@id":"https:\/\/merident.fi\/sv\/#\/schema\/logo\/image\/","url":"https:\/\/mlavatqvr5rz.i.optimole.com\/cb:uXtb~58093\/w:auto\/h:auto\/q:mauto\/g:sm\/f:best\/ig:avif\/https:\/\/merident.fi\/wp-content\/uploads\/merident-logo-1.png","contentUrl":"https:\/\/mlavatqvr5rz.i.optimole.com\/cb:uXtb~58093\/w:auto\/h:auto\/q:mauto\/g:sm\/f:best\/ig:avif\/https:\/\/merident.fi\/wp-content\/uploads\/merident-logo-1.png","width":413,"height":86,"caption":"Merident"},"image":{"@id":"https:\/\/merident.fi\/sv\/#\/schema\/logo\/image\/"}}]}},"_links":{"self":[{"href":"https:\/\/merident.fi\/sv\/wp-json\/wp\/v2\/product\/2792","targetHints":{"allow":["GET"]}}],"collection":[{"href":"https:\/\/merident.fi\/sv\/wp-json\/wp\/v2\/product"}],"about":[{"href":"https:\/\/merident.fi\/sv\/wp-json\/wp\/v2\/types\/product"}],"wp:featuredmedia":[{"embeddable":true,"href":"https:\/\/merident.fi\/sv\/wp-json\/wp\/v2\/media\/1223"}],"wp:attachment":[{"href":"https:\/\/merident.fi\/sv\/wp-json\/wp\/v2\/media?parent=2792"}],"wp:term":[{"taxonomy":"product_brand","embeddable":true,"href":"https:\/\/merident.fi\/sv\/wp-json\/wp\/v2\/product_brand?post=2792"},{"taxonomy":"product_cat","embeddable":true,"href":"https:\/\/merident.fi\/sv\/wp-json\/wp\/v2\/product_cat?post=2792"},{"taxonomy":"product_tag","embeddable":true,"href":"https:\/\/merident.fi\/sv\/wp-json\/wp\/v2\/product_tag?post=2792"}],"curies":[{"name":"wp","href":"https:\/\/api.w.org\/{rel}","templated":true}]}}