{"id":2798,"date":"2020-10-19T17:49:40","date_gmt":"2021-07-05T10:55:49","guid":{"rendered":"https:\/\/merident.fi\/?post_type=product&#038;p=2798"},"modified":"2021-11-19T18:02:41","modified_gmt":"2021-11-19T16:02:41","slug":"optergo-prospec-arbetsglasogon","status":"publish","type":"product","link":"https:\/\/merident.fi\/sv\/produkt\/optergo-prospec-arbetsglasogon\/","title":{"rendered":"Optergo ProSpec\u2122 arbetsglas\u00f6gon"},"content":{"rendered":"","protected":false},"excerpt":{"rendered":"<p>Optergo ProSpec\u2122 arbetsglas\u00f6gon konstrueras f\u00f6r b\u00e4sta m\u00f6jliga syn i arbetsomgivningen. Funktionella och praktiska glas\u00f6gon \u00e4r ocks\u00e5 snygga och professionella i utseendet. Ett omfattande utbud av specialb\u00e5gar och linstyper g\u00f6r det m\u00f6jligt att skapa ProSpec glas\u00f6gon \u00e4ven f\u00f6r de mest kr\u00e4vande behoven.<\/p>\n<ul>\n<li>Individuellt anpassade f\u00f6r en perfekt passform<\/li>\n<li>Brett utbud av kompatibla Optergo\u00ae tillbeh\u00f6r<\/li>\n<li>Kan anv\u00e4ndas tillsammans med <a href=\"https:\/\/merident.fi\/sv\/produkt\/optergo-ultralight-flip-up-luppar\/\">Optergo Ultralight\u2122 flip-up luppar<\/a> och <a href=\"https:\/\/merident.fi\/sv\/produkt\/optergo-vishield-skyddsvisir-kit-l\/\">Optergo ViShield\u2122 skyddsvisir<\/a><\/li>\n<\/ul>\n","protected":false},"featured_media":1454,"template":"","meta":{"_acf_changed":false},"product_brand":[],"product_cat":[160],"product_tag":[],"class_list":{"0":"post-2798","1":"product","2":"type-product","3":"status-publish","4":"has-post-thumbnail","6":"product_cat-arbetsglasogon","8":"first","9":"instock","10":"taxable","11":"shipping-taxable","12":"product-type-simple"},"acf":[],"yoast_head":"<!-- This site is optimized with the Yoast SEO plugin v27.3 - https:\/\/yoast.com\/product\/yoast-seo-wordpress\/ -->\n<title>Arbetsglas\u00f6gon med egna styrkor, \u00e4ven f\u00f6r luppar - Merident<\/title>\n<meta name=\"description\" content=\"B\u00e4ttre syn i arbetsmilj\u00f6n med Optergo ProSpec\u2122 glas\u00f6gon. Kombinera r\u00e4tt b\u00e5ge med den mest l\u00e4mpliga typen av lins.\" \/>\n<meta name=\"robots\" content=\"index, follow, max-snippet:-1, max-image-preview:large, max-video-preview:-1\" \/>\n<link rel=\"canonical\" href=\"https:\/\/merident.fi\/sv\/produkt\/optergo-prospec-arbetsglasogon\/\" \/>\n<meta property=\"og:locale\" content=\"sv_SE\" \/>\n<meta property=\"og:type\" content=\"article\" \/>\n<meta property=\"og:title\" content=\"Arbetsglas\u00f6gon med egna styrkor, \u00e4ven f\u00f6r luppar - Merident\" \/>\n<meta property=\"og:description\" content=\"B\u00e4ttre syn i arbetsmilj\u00f6n med Optergo ProSpec\u2122 glas\u00f6gon. Kombinera r\u00e4tt b\u00e5ge med den mest l\u00e4mpliga typen av lins.\" \/>\n<meta property=\"og:url\" content=\"https:\/\/merident.fi\/sv\/produkt\/optergo-prospec-arbetsglasogon\/\" \/>\n<meta property=\"og:site_name\" content=\"Merident\" \/>\n<meta property=\"article:modified_time\" content=\"2021-11-19T16:02:41+00:00\" \/>\n<meta property=\"og:image\" content=\"https:\/\/mlavatqvr5rz.i.optimole.com\/cb:uXtb~58093\/w:auto\/h:auto\/q:mauto\/g:sm\/f:best\/ig:avif\/https:\/\/merident.fi\/wp-content\/uploads\/eyeglasses_prospec_optergo_B4_gun.jpg\" \/>\n\t<meta property=\"og:image:width\" content=\"1920\" \/>\n\t<meta property=\"og:image:height\" content=\"1920\" \/>\n\t<meta property=\"og:image:type\" content=\"image\/jpeg\" \/>\n<meta name=\"twitter:card\" content=\"summary_large_image\" \/>\n<script type=\"application\/ld+json\" class=\"yoast-schema-graph\">{\"@context\":\"https:\\\/\\\/schema.org\",\"@graph\":[{\"@type\":\"WebPage\",\"@id\":\"https:\\\/\\\/merident.fi\\\/sv\\\/produkt\\\/optergo-prospec-arbetsglasogon\\\/\",\"url\":\"https:\\\/\\\/merident.fi\\\/sv\\\/produkt\\\/optergo-prospec-arbetsglasogon\\\/\",\"name\":\"Arbetsglas\u00f6gon med egna styrkor, \u00e4ven f\u00f6r luppar - Merident\",\"isPartOf\":{\"@id\":\"https:\\\/\\\/merident.fi\\\/sv\\\/#website\"},\"primaryImageOfPage\":{\"@id\":\"https:\\\/\\\/merident.fi\\\/sv\\\/produkt\\\/optergo-prospec-arbetsglasogon\\\/#primaryimage\"},\"image\":{\"@id\":\"https:\\\/\\\/merident.fi\\\/sv\\\/produkt\\\/optergo-prospec-arbetsglasogon\\\/#primaryimage\"},\"thumbnailUrl\":\"https:\\/\\/merident.fi\\/wp-content\\/uploads\\/eyeglasses_prospec_optergo_B4_gun.jpg\",\"datePublished\":\"2021-07-05T10:55:49+00:00\",\"dateModified\":\"2021-11-19T16:02:41+00:00\",\"description\":\"B\u00e4ttre syn i arbetsmilj\u00f6n med Optergo ProSpec\u2122 glas\u00f6gon. Kombinera r\u00e4tt b\u00e5ge med den mest l\u00e4mpliga typen av lins.\",\"breadcrumb\":{\"@id\":\"https:\\\/\\\/merident.fi\\\/sv\\\/produkt\\\/optergo-prospec-arbetsglasogon\\\/#breadcrumb\"},\"inLanguage\":\"sv-SE\",\"potentialAction\":[{\"@type\":\"ReadAction\",\"target\":[\"https:\\\/\\\/merident.fi\\\/sv\\\/produkt\\\/optergo-prospec-arbetsglasogon\\\/\"]}]},{\"@type\":\"ImageObject\",\"inLanguage\":\"sv-SE\",\"@id\":\"https:\\\/\\\/merident.fi\\\/sv\\\/produkt\\\/optergo-prospec-arbetsglasogon\\\/#primaryimage\",\"url\":\"https:\\/\\/merident.fi\\/wp-content\\/uploads\\/eyeglasses_prospec_optergo_B4_gun.jpg\",\"contentUrl\":\"https:\\/\\/merident.fi\\/wp-content\\/uploads\\/eyeglasses_prospec_optergo_B4_gun.jpg\",\"width\":1920,\"height\":1920},{\"@type\":\"BreadcrumbList\",\"@id\":\"https:\\\/\\\/merident.fi\\\/sv\\\/produkt\\\/optergo-prospec-arbetsglasogon\\\/#breadcrumb\",\"itemListElement\":[{\"@type\":\"ListItem\",\"position\":1,\"name\":\"Home\",\"item\":\"https:\\\/\\\/merident.fi\\\/sv\\\/\"},{\"@type\":\"ListItem\",\"position\":2,\"name\":\"Produkter och l\u00f6sningar\",\"item\":\"https:\\\/\\\/merident.fi\\\/sv\\\/produkter-och-losningar\\\/\"},{\"@type\":\"ListItem\",\"position\":3,\"name\":\"Optergo ProSpec\u2122 arbetsglas\u00f6gon\"}]},{\"@type\":\"WebSite\",\"@id\":\"https:\\\/\\\/merident.fi\\\/sv\\\/#website\",\"url\":\"https:\\\/\\\/merident.fi\\\/sv\\\/\",\"name\":\"Merident\",\"description\":\"\",\"publisher\":{\"@id\":\"https:\\\/\\\/merident.fi\\\/sv\\\/#organization\"},\"potentialAction\":[{\"@type\":\"SearchAction\",\"target\":{\"@type\":\"EntryPoint\",\"urlTemplate\":\"https:\\\/\\\/merident.fi\\\/sv\\\/?s={search_term_string}\"},\"query-input\":{\"@type\":\"PropertyValueSpecification\",\"valueRequired\":true,\"valueName\":\"search_term_string\"}}],\"inLanguage\":\"sv-SE\"},{\"@type\":\"Organization\",\"@id\":\"https:\\\/\\\/merident.fi\\\/sv\\\/#organization\",\"name\":\"Merident\",\"url\":\"https:\\\/\\\/merident.fi\\\/sv\\\/\",\"logo\":{\"@type\":\"ImageObject\",\"inLanguage\":\"sv-SE\",\"@id\":\"https:\\\/\\\/merident.fi\\\/sv\\\/#\\\/schema\\\/logo\\\/image\\\/\",\"url\":\"https:\\/\\/merident.fi\\/wp-content\\/uploads\\/merident-logo-1.png\",\"contentUrl\":\"https:\\/\\/merident.fi\\/wp-content\\/uploads\\/merident-logo-1.png\",\"width\":413,\"height\":86,\"caption\":\"Merident\"},\"image\":{\"@id\":\"https:\\\/\\\/merident.fi\\\/sv\\\/#\\\/schema\\\/logo\\\/image\\\/\"}}]}<\/script>\n<!-- \/ Yoast SEO plugin. -->","yoast_head_json":{"title":"Arbetsglas\u00f6gon med egna styrkor, \u00e4ven f\u00f6r luppar - Merident","description":"B\u00e4ttre syn i arbetsmilj\u00f6n med Optergo ProSpec\u2122 glas\u00f6gon. Kombinera r\u00e4tt b\u00e5ge med den mest l\u00e4mpliga typen av lins.","robots":{"index":"index","follow":"follow","max-snippet":"max-snippet:-1","max-image-preview":"max-image-preview:large","max-video-preview":"max-video-preview:-1"},"canonical":"https:\/\/merident.fi\/sv\/produkt\/optergo-prospec-arbetsglasogon\/","og_locale":"sv_SE","og_type":"article","og_title":"Arbetsglas\u00f6gon med egna styrkor, \u00e4ven f\u00f6r luppar - Merident","og_description":"B\u00e4ttre syn i arbetsmilj\u00f6n med Optergo ProSpec\u2122 glas\u00f6gon. Kombinera r\u00e4tt b\u00e5ge med den mest l\u00e4mpliga typen av lins.","og_url":"https:\/\/merident.fi\/sv\/produkt\/optergo-prospec-arbetsglasogon\/","og_site_name":"Merident","article_modified_time":"2021-11-19T16:02:41+00:00","og_image":[{"width":1920,"height":1920,"url":"https:\/\/mlavatqvr5rz.i.optimole.com\/cb:uXtb~58093\/w:auto\/h:auto\/q:mauto\/g:sm\/f:best\/ig:avif\/https:\/\/merident.fi\/wp-content\/uploads\/eyeglasses_prospec_optergo_B4_gun.jpg","type":"image\/jpeg"}],"twitter_card":"summary_large_image","schema":{"@context":"https:\/\/schema.org","@graph":[{"@type":"WebPage","@id":"https:\/\/merident.fi\/sv\/produkt\/optergo-prospec-arbetsglasogon\/","url":"https:\/\/merident.fi\/sv\/produkt\/optergo-prospec-arbetsglasogon\/","name":"Arbetsglas\u00f6gon med egna styrkor, \u00e4ven f\u00f6r luppar - Merident","isPartOf":{"@id":"https:\/\/merident.fi\/sv\/#website"},"primaryImageOfPage":{"@id":"https:\/\/merident.fi\/sv\/produkt\/optergo-prospec-arbetsglasogon\/#primaryimage"},"image":{"@id":"https:\/\/merident.fi\/sv\/produkt\/optergo-prospec-arbetsglasogon\/#primaryimage"},"thumbnailUrl":"https:\/\/mlavatqvr5rz.i.optimole.com\/cb:uXtb~58093\/w:auto\/h:auto\/q:mauto\/g:sm\/f:best\/ig:avif\/https:\/\/merident.fi\/wp-content\/uploads\/eyeglasses_prospec_optergo_B4_gun.jpg","datePublished":"2021-07-05T10:55:49+00:00","dateModified":"2021-11-19T16:02:41+00:00","description":"B\u00e4ttre syn i arbetsmilj\u00f6n med Optergo ProSpec\u2122 glas\u00f6gon. Kombinera r\u00e4tt b\u00e5ge med den mest l\u00e4mpliga typen av lins.","breadcrumb":{"@id":"https:\/\/merident.fi\/sv\/produkt\/optergo-prospec-arbetsglasogon\/#breadcrumb"},"inLanguage":"sv-SE","potentialAction":[{"@type":"ReadAction","target":["https:\/\/merident.fi\/sv\/produkt\/optergo-prospec-arbetsglasogon\/"]}]},{"@type":"ImageObject","inLanguage":"sv-SE","@id":"https:\/\/merident.fi\/sv\/produkt\/optergo-prospec-arbetsglasogon\/#primaryimage","url":"https:\/\/mlavatqvr5rz.i.optimole.com\/cb:uXtb~58093\/w:auto\/h:auto\/q:mauto\/g:sm\/f:best\/ig:avif\/https:\/\/merident.fi\/wp-content\/uploads\/eyeglasses_prospec_optergo_B4_gun.jpg","contentUrl":"https:\/\/mlavatqvr5rz.i.optimole.com\/cb:uXtb~58093\/w:auto\/h:auto\/q:mauto\/g:sm\/f:best\/ig:avif\/https:\/\/merident.fi\/wp-content\/uploads\/eyeglasses_prospec_optergo_B4_gun.jpg","width":1920,"height":1920},{"@type":"BreadcrumbList","@id":"https:\/\/merident.fi\/sv\/produkt\/optergo-prospec-arbetsglasogon\/#breadcrumb","itemListElement":[{"@type":"ListItem","position":1,"name":"Home","item":"https:\/\/merident.fi\/sv\/"},{"@type":"ListItem","position":2,"name":"Produkter och l\u00f6sningar","item":"https:\/\/merident.fi\/sv\/produkter-och-losningar\/"},{"@type":"ListItem","position":3,"name":"Optergo ProSpec\u2122 arbetsglas\u00f6gon"}]},{"@type":"WebSite","@id":"https:\/\/merident.fi\/sv\/#website","url":"https:\/\/merident.fi\/sv\/","name":"Merident","description":"","publisher":{"@id":"https:\/\/merident.fi\/sv\/#organization"},"potentialAction":[{"@type":"SearchAction","target":{"@type":"EntryPoint","urlTemplate":"https:\/\/merident.fi\/sv\/?s={search_term_string}"},"query-input":{"@type":"PropertyValueSpecification","valueRequired":true,"valueName":"search_term_string"}}],"inLanguage":"sv-SE"},{"@type":"Organization","@id":"https:\/\/merident.fi\/sv\/#organization","name":"Merident","url":"https:\/\/merident.fi\/sv\/","logo":{"@type":"ImageObject","inLanguage":"sv-SE","@id":"https:\/\/merident.fi\/sv\/#\/schema\/logo\/image\/","url":"https:\/\/mlavatqvr5rz.i.optimole.com\/cb:uXtb~58093\/w:auto\/h:auto\/q:mauto\/g:sm\/f:best\/ig:avif\/https:\/\/merident.fi\/wp-content\/uploads\/merident-logo-1.png","contentUrl":"https:\/\/mlavatqvr5rz.i.optimole.com\/cb:uXtb~58093\/w:auto\/h:auto\/q:mauto\/g:sm\/f:best\/ig:avif\/https:\/\/merident.fi\/wp-content\/uploads\/merident-logo-1.png","width":413,"height":86,"caption":"Merident"},"image":{"@id":"https:\/\/merident.fi\/sv\/#\/schema\/logo\/image\/"}}]}},"_links":{"self":[{"href":"https:\/\/merident.fi\/sv\/wp-json\/wp\/v2\/product\/2798","targetHints":{"allow":["GET"]}}],"collection":[{"href":"https:\/\/merident.fi\/sv\/wp-json\/wp\/v2\/product"}],"about":[{"href":"https:\/\/merident.fi\/sv\/wp-json\/wp\/v2\/types\/product"}],"wp:featuredmedia":[{"embeddable":true,"href":"https:\/\/merident.fi\/sv\/wp-json\/wp\/v2\/media\/1454"}],"wp:attachment":[{"href":"https:\/\/merident.fi\/sv\/wp-json\/wp\/v2\/media?parent=2798"}],"wp:term":[{"taxonomy":"product_brand","embeddable":true,"href":"https:\/\/merident.fi\/sv\/wp-json\/wp\/v2\/product_brand?post=2798"},{"taxonomy":"product_cat","embeddable":true,"href":"https:\/\/merident.fi\/sv\/wp-json\/wp\/v2\/product_cat?post=2798"},{"taxonomy":"product_tag","embeddable":true,"href":"https:\/\/merident.fi\/sv\/wp-json\/wp\/v2\/product_tag?post=2798"}],"curies":[{"name":"wp","href":"https:\/\/api.w.org\/{rel}","templated":true}]}}