{"id":2812,"date":"2020-11-22T20:50:49","date_gmt":"2021-07-05T10:56:04","guid":{"rendered":"https:\/\/merident.fi\/?post_type=product&#038;p=2812"},"modified":"2021-11-19T19:00:41","modified_gmt":"2021-11-19T17:00:41","slug":"mikrofiberduk","status":"publish","type":"product","link":"https:\/\/merident.fi\/sv\/produkt\/mikrofiberduk\/","title":{"rendered":"Mikrofiberduk"},"content":{"rendered":"","protected":false},"excerpt":{"rendered":"<p>H\u00f6gkvalitativ mikrofiberduk f\u00f6r reng\u00f6ring av linser och skyddsfilmer.<\/p>\n<ul>\n<li>Tjockare tygmaterial<\/li>\n<li>Reng\u00f6ring med en torr trasa skadar inte linserna<\/li>\n<li>Mer grundlig reng\u00f6ring med en fuktig trasa (vatten, tv\u00e5ll\u00f6sning, desinfektionsmedel)<\/li>\n<li>Duken kan tv\u00e4ttas i tv\u00e4ttmaskinen<\/li>\n<li>Storlek 150mm x 175mm<\/li>\n<\/ul>\n","protected":false},"featured_media":1814,"template":"","meta":{"_acf_changed":false},"product_brand":[],"product_cat":[150,162,164],"product_tag":[],"class_list":{"0":"post-2812","1":"product","2":"type-product","3":"status-publish","4":"has-post-thumbnail","6":"product_cat-tillbehor-sv","7":"product_cat-tillbehor-for-optiska-produkter","8":"product_cat-tillbehor-for-skyddsvisir","10":"first","11":"instock","12":"taxable","13":"shipping-taxable","14":"purchasable","15":"product-type-simple"},"acf":[],"yoast_head":"<!-- This site is optimized with the Yoast SEO plugin v27.2 - https:\/\/yoast.com\/product\/yoast-seo-wordpress\/ -->\n<title>Mikrofiberduk - Merident<\/title>\n<meta name=\"robots\" content=\"index, follow, max-snippet:-1, max-image-preview:large, max-video-preview:-1\" \/>\n<link rel=\"canonical\" href=\"https:\/\/merident.fi\/sv\/produkt\/mikrofiberduk\/\" \/>\n<meta property=\"og:locale\" content=\"sv_SE\" \/>\n<meta property=\"og:type\" content=\"article\" \/>\n<meta property=\"og:title\" content=\"Mikrofiberduk - Merident\" \/>\n<meta property=\"og:description\" content=\"H\u00f6gkvalitativ mikrofiberduk f\u00f6r reng\u00f6ring av linser och skyddsfilmer.   Tjockare tygmaterial  Reng\u00f6ring med en torr trasa skadar inte linserna  Mer grundlig reng\u00f6ring med en fuktig trasa (vatten, tv\u00e5ll\u00f6sning, desinfektionsmedel)  Duken kan tv\u00e4ttas i tv\u00e4ttmaskinen  Storlek 150mm x 175mm\" \/>\n<meta property=\"og:url\" content=\"https:\/\/merident.fi\/sv\/produkt\/mikrofiberduk\/\" \/>\n<meta property=\"og:site_name\" content=\"Merident\" \/>\n<meta property=\"article:modified_time\" content=\"2021-11-19T17:00:41+00:00\" \/>\n<meta property=\"og:image\" content=\"https:\/\/mlavatqvr5rz.i.optimole.com\/cb:uXtb~58093\/w:auto\/h:auto\/q:mauto\/g:sm\/f:best\/ig:avif\/https:\/\/merident.fi\/wp-content\/uploads\/microfiber_cloth_optergo-1.jpg\" \/>\n\t<meta property=\"og:image:width\" content=\"1920\" \/>\n\t<meta property=\"og:image:height\" content=\"1920\" \/>\n\t<meta property=\"og:image:type\" content=\"image\/jpeg\" \/>\n<meta name=\"twitter:card\" content=\"summary_large_image\" \/>\n<script type=\"application\/ld+json\" class=\"yoast-schema-graph\">{\"@context\":\"https:\/\/schema.org\",\"@graph\":[{\"@type\":\"WebPage\",\"@id\":\"https:\/\/merident.fi\/sv\/produkt\/mikrofiberduk\/\",\"url\":\"https:\/\/merident.fi\/sv\/produkt\/mikrofiberduk\/\",\"name\":\"Mikrofiberduk - Merident\",\"isPartOf\":{\"@id\":\"https:\/\/merident.fi\/sv\/#website\"},\"primaryImageOfPage\":{\"@id\":\"https:\/\/merident.fi\/sv\/produkt\/mikrofiberduk\/#primaryimage\"},\"image\":{\"@id\":\"https:\/\/merident.fi\/sv\/produkt\/mikrofiberduk\/#primaryimage\"},\"thumbnailUrl\":\"https:\/\/mlavatqvr5rz.i.optimole.com\/cb:uXtb~58093\/w:auto\/h:auto\/q:mauto\/g:sm\/f:best\/ig:avif\/https:\/\/merident.fi\/wp-content\/uploads\/microfiber_cloth_optergo-1.jpg\",\"datePublished\":\"2021-07-05T10:56:04+00:00\",\"dateModified\":\"2021-11-19T17:00:41+00:00\",\"breadcrumb\":{\"@id\":\"https:\/\/merident.fi\/sv\/produkt\/mikrofiberduk\/#breadcrumb\"},\"inLanguage\":\"sv-SE\",\"potentialAction\":[{\"@type\":\"ReadAction\",\"target\":[\"https:\/\/merident.fi\/sv\/produkt\/mikrofiberduk\/\"]}]},{\"@type\":\"ImageObject\",\"inLanguage\":\"sv-SE\",\"@id\":\"https:\/\/merident.fi\/sv\/produkt\/mikrofiberduk\/#primaryimage\",\"url\":\"https:\/\/mlavatqvr5rz.i.optimole.com\/cb:uXtb~58093\/w:auto\/h:auto\/q:mauto\/g:sm\/f:best\/ig:avif\/https:\/\/merident.fi\/wp-content\/uploads\/microfiber_cloth_optergo-1.jpg\",\"contentUrl\":\"https:\/\/mlavatqvr5rz.i.optimole.com\/cb:uXtb~58093\/w:auto\/h:auto\/q:mauto\/g:sm\/f:best\/ig:avif\/https:\/\/merident.fi\/wp-content\/uploads\/microfiber_cloth_optergo-1.jpg\",\"width\":1920,\"height\":1920},{\"@type\":\"BreadcrumbList\",\"@id\":\"https:\/\/merident.fi\/sv\/produkt\/mikrofiberduk\/#breadcrumb\",\"itemListElement\":[{\"@type\":\"ListItem\",\"position\":1,\"name\":\"Home\",\"item\":\"https:\/\/merident.fi\/sv\/\"},{\"@type\":\"ListItem\",\"position\":2,\"name\":\"Produkter och l\u00f6sningar\",\"item\":\"https:\/\/merident.fi\/sv\/produkter-och-losningar\/\"},{\"@type\":\"ListItem\",\"position\":3,\"name\":\"Mikrofiberduk\"}]},{\"@type\":\"WebSite\",\"@id\":\"https:\/\/merident.fi\/sv\/#website\",\"url\":\"https:\/\/merident.fi\/sv\/\",\"name\":\"Merident\",\"description\":\"\",\"publisher\":{\"@id\":\"https:\/\/merident.fi\/sv\/#organization\"},\"potentialAction\":[{\"@type\":\"SearchAction\",\"target\":{\"@type\":\"EntryPoint\",\"urlTemplate\":\"https:\/\/merident.fi\/sv\/?s={search_term_string}\"},\"query-input\":{\"@type\":\"PropertyValueSpecification\",\"valueRequired\":true,\"valueName\":\"search_term_string\"}}],\"inLanguage\":\"sv-SE\"},{\"@type\":\"Organization\",\"@id\":\"https:\/\/merident.fi\/sv\/#organization\",\"name\":\"Merident\",\"url\":\"https:\/\/merident.fi\/sv\/\",\"logo\":{\"@type\":\"ImageObject\",\"inLanguage\":\"sv-SE\",\"@id\":\"https:\/\/merident.fi\/sv\/#\/schema\/logo\/image\/\",\"url\":\"https:\/\/mlavatqvr5rz.i.optimole.com\/cb:uXtb~58093\/w:auto\/h:auto\/q:mauto\/g:sm\/f:best\/ig:avif\/https:\/\/merident.fi\/wp-content\/uploads\/merident-logo-1.png\",\"contentUrl\":\"https:\/\/mlavatqvr5rz.i.optimole.com\/cb:uXtb~58093\/w:auto\/h:auto\/q:mauto\/g:sm\/f:best\/ig:avif\/https:\/\/merident.fi\/wp-content\/uploads\/merident-logo-1.png\",\"width\":413,\"height\":86,\"caption\":\"Merident\"},\"image\":{\"@id\":\"https:\/\/merident.fi\/sv\/#\/schema\/logo\/image\/\"}}]}<\/script>\n<!-- \/ Yoast SEO plugin. -->","yoast_head_json":{"title":"Mikrofiberduk - Merident","robots":{"index":"index","follow":"follow","max-snippet":"max-snippet:-1","max-image-preview":"max-image-preview:large","max-video-preview":"max-video-preview:-1"},"canonical":"https:\/\/merident.fi\/sv\/produkt\/mikrofiberduk\/","og_locale":"sv_SE","og_type":"article","og_title":"Mikrofiberduk - Merident","og_description":"H\u00f6gkvalitativ mikrofiberduk f\u00f6r reng\u00f6ring av linser och skyddsfilmer.   Tjockare tygmaterial  Reng\u00f6ring med en torr trasa skadar inte linserna  Mer grundlig reng\u00f6ring med en fuktig trasa (vatten, tv\u00e5ll\u00f6sning, desinfektionsmedel)  Duken kan tv\u00e4ttas i tv\u00e4ttmaskinen  Storlek 150mm x 175mm","og_url":"https:\/\/merident.fi\/sv\/produkt\/mikrofiberduk\/","og_site_name":"Merident","article_modified_time":"2021-11-19T17:00:41+00:00","og_image":[{"width":1920,"height":1920,"url":"https:\/\/mlavatqvr5rz.i.optimole.com\/cb:uXtb~58093\/w:auto\/h:auto\/q:mauto\/g:sm\/f:best\/ig:avif\/https:\/\/merident.fi\/wp-content\/uploads\/microfiber_cloth_optergo-1.jpg","type":"image\/jpeg"}],"twitter_card":"summary_large_image","schema":{"@context":"https:\/\/schema.org","@graph":[{"@type":"WebPage","@id":"https:\/\/merident.fi\/sv\/produkt\/mikrofiberduk\/","url":"https:\/\/merident.fi\/sv\/produkt\/mikrofiberduk\/","name":"Mikrofiberduk - Merident","isPartOf":{"@id":"https:\/\/merident.fi\/sv\/#website"},"primaryImageOfPage":{"@id":"https:\/\/merident.fi\/sv\/produkt\/mikrofiberduk\/#primaryimage"},"image":{"@id":"https:\/\/merident.fi\/sv\/produkt\/mikrofiberduk\/#primaryimage"},"thumbnailUrl":"https:\/\/mlavatqvr5rz.i.optimole.com\/cb:uXtb~58093\/w:auto\/h:auto\/q:mauto\/g:sm\/f:best\/ig:avif\/https:\/\/merident.fi\/wp-content\/uploads\/microfiber_cloth_optergo-1.jpg","datePublished":"2021-07-05T10:56:04+00:00","dateModified":"2021-11-19T17:00:41+00:00","breadcrumb":{"@id":"https:\/\/merident.fi\/sv\/produkt\/mikrofiberduk\/#breadcrumb"},"inLanguage":"sv-SE","potentialAction":[{"@type":"ReadAction","target":["https:\/\/merident.fi\/sv\/produkt\/mikrofiberduk\/"]}]},{"@type":"ImageObject","inLanguage":"sv-SE","@id":"https:\/\/merident.fi\/sv\/produkt\/mikrofiberduk\/#primaryimage","url":"https:\/\/mlavatqvr5rz.i.optimole.com\/cb:uXtb~58093\/w:auto\/h:auto\/q:mauto\/g:sm\/f:best\/ig:avif\/https:\/\/merident.fi\/wp-content\/uploads\/microfiber_cloth_optergo-1.jpg","contentUrl":"https:\/\/mlavatqvr5rz.i.optimole.com\/cb:uXtb~58093\/w:auto\/h:auto\/q:mauto\/g:sm\/f:best\/ig:avif\/https:\/\/merident.fi\/wp-content\/uploads\/microfiber_cloth_optergo-1.jpg","width":1920,"height":1920},{"@type":"BreadcrumbList","@id":"https:\/\/merident.fi\/sv\/produkt\/mikrofiberduk\/#breadcrumb","itemListElement":[{"@type":"ListItem","position":1,"name":"Home","item":"https:\/\/merident.fi\/sv\/"},{"@type":"ListItem","position":2,"name":"Produkter och l\u00f6sningar","item":"https:\/\/merident.fi\/sv\/produkter-och-losningar\/"},{"@type":"ListItem","position":3,"name":"Mikrofiberduk"}]},{"@type":"WebSite","@id":"https:\/\/merident.fi\/sv\/#website","url":"https:\/\/merident.fi\/sv\/","name":"Merident","description":"","publisher":{"@id":"https:\/\/merident.fi\/sv\/#organization"},"potentialAction":[{"@type":"SearchAction","target":{"@type":"EntryPoint","urlTemplate":"https:\/\/merident.fi\/sv\/?s={search_term_string}"},"query-input":{"@type":"PropertyValueSpecification","valueRequired":true,"valueName":"search_term_string"}}],"inLanguage":"sv-SE"},{"@type":"Organization","@id":"https:\/\/merident.fi\/sv\/#organization","name":"Merident","url":"https:\/\/merident.fi\/sv\/","logo":{"@type":"ImageObject","inLanguage":"sv-SE","@id":"https:\/\/merident.fi\/sv\/#\/schema\/logo\/image\/","url":"https:\/\/mlavatqvr5rz.i.optimole.com\/cb:uXtb~58093\/w:auto\/h:auto\/q:mauto\/g:sm\/f:best\/ig:avif\/https:\/\/merident.fi\/wp-content\/uploads\/merident-logo-1.png","contentUrl":"https:\/\/mlavatqvr5rz.i.optimole.com\/cb:uXtb~58093\/w:auto\/h:auto\/q:mauto\/g:sm\/f:best\/ig:avif\/https:\/\/merident.fi\/wp-content\/uploads\/merident-logo-1.png","width":413,"height":86,"caption":"Merident"},"image":{"@id":"https:\/\/merident.fi\/sv\/#\/schema\/logo\/image\/"}}]}},"_links":{"self":[{"href":"https:\/\/merident.fi\/sv\/wp-json\/wp\/v2\/product\/2812","targetHints":{"allow":["GET"]}}],"collection":[{"href":"https:\/\/merident.fi\/sv\/wp-json\/wp\/v2\/product"}],"about":[{"href":"https:\/\/merident.fi\/sv\/wp-json\/wp\/v2\/types\/product"}],"wp:featuredmedia":[{"embeddable":true,"href":"https:\/\/merident.fi\/sv\/wp-json\/wp\/v2\/media\/1814"}],"wp:attachment":[{"href":"https:\/\/merident.fi\/sv\/wp-json\/wp\/v2\/media?parent=2812"}],"wp:term":[{"taxonomy":"product_brand","embeddable":true,"href":"https:\/\/merident.fi\/sv\/wp-json\/wp\/v2\/product_brand?post=2812"},{"taxonomy":"product_cat","embeddable":true,"href":"https:\/\/merident.fi\/sv\/wp-json\/wp\/v2\/product_cat?post=2812"},{"taxonomy":"product_tag","embeddable":true,"href":"https:\/\/merident.fi\/sv\/wp-json\/wp\/v2\/product_tag?post=2812"}],"curies":[{"name":"wp","href":"https:\/\/api.w.org\/{rel}","templated":true}]}}