{"id":2821,"date":"2020-11-22T11:23:08","date_gmt":"2021-07-05T10:55:56","guid":{"rendered":"https:\/\/merident.fi\/?post_type=product&#038;p=2821"},"modified":"2021-11-19T18:06:37","modified_gmt":"2021-11-19T16:06:37","slug":"optergo-prismspec-glasogon","status":"publish","type":"product","link":"https:\/\/merident.fi\/sv\/produkt\/optergo-prismspec-glasogon\/","title":{"rendered":"Optergo PrismSpec\u2122 prismaglas\u00f6gon"},"content":{"rendered":"","protected":false},"excerpt":{"rendered":"<p>Linserna p\u00e5 Optergo PrismSpec\u2122 glas\u00f6gon har prismasegment med vilka bilden av n\u00e4rbildsf\u00e4ltet lyfts optiskt upp\u00e5t. Detta minskar behovet av att b\u00f6ja nacken n\u00e4r du tittar ned\u00e5t och hj\u00e4lper till att uppr\u00e4tth\u00e5lla en ergonomisk arbetsst\u00e4llning under hela arbetsdagen.<\/p>\n<ul>\n<li>Vetenskapliga studier visar betydande effekt i minskning av nack-, axel- och ryggproblem<\/li>\n<li>Individuellt anpassade f\u00f6r en perfekt passform<\/li>\n<li>Tv\u00e5 optiska center i en lins f\u00f6rhindrar bildf\u00f6rvr\u00e4ngningar<\/li>\n<li>Kompatibla med <a href=\"https:\/\/merident.fi\/sv\/produkt\/optergo-ultralight-flip-up-luppar\/\">Optergo Ultralight\u2122 flip-up luppar<\/a> och <a href=\"https:\/\/merident.fi\/sv\/produkt\/optergo-vishield-skyddsvisir-kit-l\/\">Optergo ViShield\u2122 skyddsvisir<\/a><\/li>\n<\/ul>\n","protected":false},"featured_media":1472,"template":"","meta":{"_acf_changed":false},"product_brand":[],"product_cat":[160],"product_tag":[],"class_list":{"0":"post-2821","1":"product","2":"type-product","3":"status-publish","4":"has-post-thumbnail","6":"product_cat-arbetsglasogon","8":"first","9":"instock","10":"taxable","11":"shipping-taxable","12":"product-type-simple"},"acf":[],"yoast_head":"<!-- This site is optimized with the Yoast SEO plugin v27.4 - https:\/\/yoast.com\/product\/yoast-seo-wordpress\/ -->\n<title>Prismaglas\u00f6gon f\u00f6r b\u00e4ttre ergonomi - Merident<\/title>\n<meta name=\"description\" content=\"Prismaoptiken i Optergo PrismSpec\u2122 glas\u00f6gonen flyttar bilden upp\u00e5t, vilket minskar behovet av att b\u00f6ja nacken.\" \/>\n<meta name=\"robots\" content=\"index, follow, max-snippet:-1, max-image-preview:large, max-video-preview:-1\" \/>\n<link rel=\"canonical\" href=\"https:\/\/merident.fi\/sv\/produkt\/optergo-prismspec-glasogon\/\" \/>\n<meta property=\"og:locale\" content=\"sv_SE\" \/>\n<meta property=\"og:type\" content=\"article\" \/>\n<meta property=\"og:title\" content=\"Prismaglas\u00f6gon f\u00f6r b\u00e4ttre ergonomi - Merident\" \/>\n<meta property=\"og:description\" content=\"Prismaoptiken i Optergo PrismSpec\u2122 glas\u00f6gonen flyttar bilden upp\u00e5t, vilket minskar behovet av att b\u00f6ja nacken.\" \/>\n<meta property=\"og:url\" content=\"https:\/\/merident.fi\/sv\/produkt\/optergo-prismspec-glasogon\/\" \/>\n<meta property=\"og:site_name\" content=\"Merident\" \/>\n<meta property=\"article:modified_time\" content=\"2021-11-19T16:06:37+00:00\" \/>\n<meta property=\"og:image\" content=\"https:\/\/mlavatqvr5rz.i.optimole.com\/cb:uXtb~58093\/w:auto\/h:auto\/q:mauto\/g:sm\/f:best\/ig:avif\/https:\/\/merident.fi\/wp-content\/uploads\/eyeglasses_prismspec_optergo_B4_gun.jpg\" \/>\n\t<meta property=\"og:image:width\" content=\"1920\" \/>\n\t<meta property=\"og:image:height\" content=\"1920\" \/>\n\t<meta property=\"og:image:type\" content=\"image\/jpeg\" \/>\n<meta name=\"twitter:card\" content=\"summary_large_image\" \/>\n<script type=\"application\/ld+json\" class=\"yoast-schema-graph\">{\"@context\":\"https:\\\/\\\/schema.org\",\"@graph\":[{\"@type\":\"WebPage\",\"@id\":\"https:\\\/\\\/merident.fi\\\/sv\\\/produkt\\\/optergo-prismspec-glasogon\\\/\",\"url\":\"https:\\\/\\\/merident.fi\\\/sv\\\/produkt\\\/optergo-prismspec-glasogon\\\/\",\"name\":\"Prismaglas\u00f6gon f\u00f6r b\u00e4ttre ergonomi - Merident\",\"isPartOf\":{\"@id\":\"https:\\\/\\\/merident.fi\\\/sv\\\/#website\"},\"primaryImageOfPage\":{\"@id\":\"https:\\\/\\\/merident.fi\\\/sv\\\/produkt\\\/optergo-prismspec-glasogon\\\/#primaryimage\"},\"image\":{\"@id\":\"https:\\\/\\\/merident.fi\\\/sv\\\/produkt\\\/optergo-prismspec-glasogon\\\/#primaryimage\"},\"thumbnailUrl\":\"https:\\/\\/merident.fi\\/wp-content\\/uploads\\/eyeglasses_prismspec_optergo_B4_gun.jpg\",\"datePublished\":\"2021-07-05T10:55:56+00:00\",\"dateModified\":\"2021-11-19T16:06:37+00:00\",\"description\":\"Prismaoptiken i Optergo PrismSpec\u2122 glas\u00f6gonen flyttar bilden upp\u00e5t, vilket minskar behovet av att b\u00f6ja nacken.\",\"breadcrumb\":{\"@id\":\"https:\\\/\\\/merident.fi\\\/sv\\\/produkt\\\/optergo-prismspec-glasogon\\\/#breadcrumb\"},\"inLanguage\":\"sv-SE\",\"potentialAction\":[{\"@type\":\"ReadAction\",\"target\":[\"https:\\\/\\\/merident.fi\\\/sv\\\/produkt\\\/optergo-prismspec-glasogon\\\/\"]}]},{\"@type\":\"ImageObject\",\"inLanguage\":\"sv-SE\",\"@id\":\"https:\\\/\\\/merident.fi\\\/sv\\\/produkt\\\/optergo-prismspec-glasogon\\\/#primaryimage\",\"url\":\"https:\\/\\/merident.fi\\/wp-content\\/uploads\\/eyeglasses_prismspec_optergo_B4_gun.jpg\",\"contentUrl\":\"https:\\/\\/merident.fi\\/wp-content\\/uploads\\/eyeglasses_prismspec_optergo_B4_gun.jpg\",\"width\":1920,\"height\":1920},{\"@type\":\"BreadcrumbList\",\"@id\":\"https:\\\/\\\/merident.fi\\\/sv\\\/produkt\\\/optergo-prismspec-glasogon\\\/#breadcrumb\",\"itemListElement\":[{\"@type\":\"ListItem\",\"position\":1,\"name\":\"Home\",\"item\":\"https:\\\/\\\/merident.fi\\\/sv\\\/\"},{\"@type\":\"ListItem\",\"position\":2,\"name\":\"Produkter och l\u00f6sningar\",\"item\":\"https:\\\/\\\/merident.fi\\\/sv\\\/produkter-och-losningar\\\/\"},{\"@type\":\"ListItem\",\"position\":3,\"name\":\"Optergo PrismSpec\u2122 prismaglas\u00f6gon\"}]},{\"@type\":\"WebSite\",\"@id\":\"https:\\\/\\\/merident.fi\\\/sv\\\/#website\",\"url\":\"https:\\\/\\\/merident.fi\\\/sv\\\/\",\"name\":\"Merident\",\"description\":\"\",\"publisher\":{\"@id\":\"https:\\\/\\\/merident.fi\\\/sv\\\/#organization\"},\"potentialAction\":[{\"@type\":\"SearchAction\",\"target\":{\"@type\":\"EntryPoint\",\"urlTemplate\":\"https:\\\/\\\/merident.fi\\\/sv\\\/?s={search_term_string}\"},\"query-input\":{\"@type\":\"PropertyValueSpecification\",\"valueRequired\":true,\"valueName\":\"search_term_string\"}}],\"inLanguage\":\"sv-SE\"},{\"@type\":\"Organization\",\"@id\":\"https:\\\/\\\/merident.fi\\\/sv\\\/#organization\",\"name\":\"Merident\",\"url\":\"https:\\\/\\\/merident.fi\\\/sv\\\/\",\"logo\":{\"@type\":\"ImageObject\",\"inLanguage\":\"sv-SE\",\"@id\":\"https:\\\/\\\/merident.fi\\\/sv\\\/#\\\/schema\\\/logo\\\/image\\\/\",\"url\":\"https:\\/\\/merident.fi\\/wp-content\\/uploads\\/merident-logo-1.png\",\"contentUrl\":\"https:\\/\\/merident.fi\\/wp-content\\/uploads\\/merident-logo-1.png\",\"width\":413,\"height\":86,\"caption\":\"Merident\"},\"image\":{\"@id\":\"https:\\\/\\\/merident.fi\\\/sv\\\/#\\\/schema\\\/logo\\\/image\\\/\"}}]}<\/script>\n<!-- \/ Yoast SEO plugin. -->","yoast_head_json":{"title":"Prismaglas\u00f6gon f\u00f6r b\u00e4ttre ergonomi - Merident","description":"Prismaoptiken i Optergo PrismSpec\u2122 glas\u00f6gonen flyttar bilden upp\u00e5t, vilket minskar behovet av att b\u00f6ja nacken.","robots":{"index":"index","follow":"follow","max-snippet":"max-snippet:-1","max-image-preview":"max-image-preview:large","max-video-preview":"max-video-preview:-1"},"canonical":"https:\/\/merident.fi\/sv\/produkt\/optergo-prismspec-glasogon\/","og_locale":"sv_SE","og_type":"article","og_title":"Prismaglas\u00f6gon f\u00f6r b\u00e4ttre ergonomi - Merident","og_description":"Prismaoptiken i Optergo PrismSpec\u2122 glas\u00f6gonen flyttar bilden upp\u00e5t, vilket minskar behovet av att b\u00f6ja nacken.","og_url":"https:\/\/merident.fi\/sv\/produkt\/optergo-prismspec-glasogon\/","og_site_name":"Merident","article_modified_time":"2021-11-19T16:06:37+00:00","og_image":[{"width":1920,"height":1920,"url":"https:\/\/mlavatqvr5rz.i.optimole.com\/cb:uXtb~58093\/w:auto\/h:auto\/q:mauto\/g:sm\/f:best\/ig:avif\/https:\/\/merident.fi\/wp-content\/uploads\/eyeglasses_prismspec_optergo_B4_gun.jpg","type":"image\/jpeg"}],"twitter_card":"summary_large_image","schema":{"@context":"https:\/\/schema.org","@graph":[{"@type":"WebPage","@id":"https:\/\/merident.fi\/sv\/produkt\/optergo-prismspec-glasogon\/","url":"https:\/\/merident.fi\/sv\/produkt\/optergo-prismspec-glasogon\/","name":"Prismaglas\u00f6gon f\u00f6r b\u00e4ttre ergonomi - Merident","isPartOf":{"@id":"https:\/\/merident.fi\/sv\/#website"},"primaryImageOfPage":{"@id":"https:\/\/merident.fi\/sv\/produkt\/optergo-prismspec-glasogon\/#primaryimage"},"image":{"@id":"https:\/\/merident.fi\/sv\/produkt\/optergo-prismspec-glasogon\/#primaryimage"},"thumbnailUrl":"https:\/\/mlavatqvr5rz.i.optimole.com\/cb:uXtb~58093\/w:auto\/h:auto\/q:mauto\/g:sm\/f:best\/ig:avif\/https:\/\/merident.fi\/wp-content\/uploads\/eyeglasses_prismspec_optergo_B4_gun.jpg","datePublished":"2021-07-05T10:55:56+00:00","dateModified":"2021-11-19T16:06:37+00:00","description":"Prismaoptiken i Optergo PrismSpec\u2122 glas\u00f6gonen flyttar bilden upp\u00e5t, vilket minskar behovet av att b\u00f6ja nacken.","breadcrumb":{"@id":"https:\/\/merident.fi\/sv\/produkt\/optergo-prismspec-glasogon\/#breadcrumb"},"inLanguage":"sv-SE","potentialAction":[{"@type":"ReadAction","target":["https:\/\/merident.fi\/sv\/produkt\/optergo-prismspec-glasogon\/"]}]},{"@type":"ImageObject","inLanguage":"sv-SE","@id":"https:\/\/merident.fi\/sv\/produkt\/optergo-prismspec-glasogon\/#primaryimage","url":"https:\/\/mlavatqvr5rz.i.optimole.com\/cb:uXtb~58093\/w:auto\/h:auto\/q:mauto\/g:sm\/f:best\/ig:avif\/https:\/\/merident.fi\/wp-content\/uploads\/eyeglasses_prismspec_optergo_B4_gun.jpg","contentUrl":"https:\/\/mlavatqvr5rz.i.optimole.com\/cb:uXtb~58093\/w:auto\/h:auto\/q:mauto\/g:sm\/f:best\/ig:avif\/https:\/\/merident.fi\/wp-content\/uploads\/eyeglasses_prismspec_optergo_B4_gun.jpg","width":1920,"height":1920},{"@type":"BreadcrumbList","@id":"https:\/\/merident.fi\/sv\/produkt\/optergo-prismspec-glasogon\/#breadcrumb","itemListElement":[{"@type":"ListItem","position":1,"name":"Home","item":"https:\/\/merident.fi\/sv\/"},{"@type":"ListItem","position":2,"name":"Produkter och l\u00f6sningar","item":"https:\/\/merident.fi\/sv\/produkter-och-losningar\/"},{"@type":"ListItem","position":3,"name":"Optergo PrismSpec\u2122 prismaglas\u00f6gon"}]},{"@type":"WebSite","@id":"https:\/\/merident.fi\/sv\/#website","url":"https:\/\/merident.fi\/sv\/","name":"Merident","description":"","publisher":{"@id":"https:\/\/merident.fi\/sv\/#organization"},"potentialAction":[{"@type":"SearchAction","target":{"@type":"EntryPoint","urlTemplate":"https:\/\/merident.fi\/sv\/?s={search_term_string}"},"query-input":{"@type":"PropertyValueSpecification","valueRequired":true,"valueName":"search_term_string"}}],"inLanguage":"sv-SE"},{"@type":"Organization","@id":"https:\/\/merident.fi\/sv\/#organization","name":"Merident","url":"https:\/\/merident.fi\/sv\/","logo":{"@type":"ImageObject","inLanguage":"sv-SE","@id":"https:\/\/merident.fi\/sv\/#\/schema\/logo\/image\/","url":"https:\/\/mlavatqvr5rz.i.optimole.com\/cb:uXtb~58093\/w:auto\/h:auto\/q:mauto\/g:sm\/f:best\/ig:avif\/https:\/\/merident.fi\/wp-content\/uploads\/merident-logo-1.png","contentUrl":"https:\/\/mlavatqvr5rz.i.optimole.com\/cb:uXtb~58093\/w:auto\/h:auto\/q:mauto\/g:sm\/f:best\/ig:avif\/https:\/\/merident.fi\/wp-content\/uploads\/merident-logo-1.png","width":413,"height":86,"caption":"Merident"},"image":{"@id":"https:\/\/merident.fi\/sv\/#\/schema\/logo\/image\/"}}]}},"_links":{"self":[{"href":"https:\/\/merident.fi\/sv\/wp-json\/wp\/v2\/product\/2821","targetHints":{"allow":["GET"]}}],"collection":[{"href":"https:\/\/merident.fi\/sv\/wp-json\/wp\/v2\/product"}],"about":[{"href":"https:\/\/merident.fi\/sv\/wp-json\/wp\/v2\/types\/product"}],"wp:featuredmedia":[{"embeddable":true,"href":"https:\/\/merident.fi\/sv\/wp-json\/wp\/v2\/media\/1472"}],"wp:attachment":[{"href":"https:\/\/merident.fi\/sv\/wp-json\/wp\/v2\/media?parent=2821"}],"wp:term":[{"taxonomy":"product_brand","embeddable":true,"href":"https:\/\/merident.fi\/sv\/wp-json\/wp\/v2\/product_brand?post=2821"},{"taxonomy":"product_cat","embeddable":true,"href":"https:\/\/merident.fi\/sv\/wp-json\/wp\/v2\/product_cat?post=2821"},{"taxonomy":"product_tag","embeddable":true,"href":"https:\/\/merident.fi\/sv\/wp-json\/wp\/v2\/product_tag?post=2821"}],"curies":[{"name":"wp","href":"https:\/\/api.w.org\/{rel}","templated":true}]}}